{"id":1541,"date":"2024-08-28T08:01:09","date_gmt":"2024-08-28T08:01:09","guid":{"rendered":"https:\/\/saforhosteleria.com\/?page_id=1541"},"modified":"2024-10-28T20:38:02","modified_gmt":"2024-10-28T20:38:02","slug":"politica-de-cookies","status":"publish","type":"page","link":"https:\/\/saforhosteleria.com\/?page_id=1541","title":{"rendered":"Pol\u00edtica de cookies"},"content":{"rendered":"<h1>Pol\u00edtica de Cookies<\/h1>\n<h2>1. \u00bfQu\u00e9 son las Cookies?<\/h2>\n<p>En <strong>SAFORHOSTELERIA<\/strong>, utilizamos cookies para mejorar tu experiencia en nuestro sitio web <a href=\"https:\/\/saforhosteleria.com\">www.saforhosteleria.com<\/a>. A continuaci\u00f3n, te explicamos qu\u00e9 son las cookies, qu\u00e9 tipos de cookies utilizamos y c\u00f3mo puedes gestionarlas.<\/p>\n<p>Las cookies son peque\u00f1os archivos de texto que se almacenan en tu dispositivo (ordenador, smartphone, tablet) cuando visitas nuestro sitio web. Estos archivos permiten que el sitio web recuerde tus acciones y preferencias durante un per\u00edodo de tiempo, mejorando tu experiencia de navegaci\u00f3n.<\/p>\n<h2>2. Tipos de Cookies que utilizamos<\/h2>\n<p>En nuestro sitio web utilizamos los siguientes tipos de cookies:<\/p>\n<ul>\n<li><strong>Cookies t\u00e9cnicas:<\/strong> Son necesarias para el funcionamiento del sitio web. Permiten la navegaci\u00f3n y la utilizaci\u00f3n de sus diferentes opciones o servicios, como el acceso a \u00e1reas seguras.<\/li>\n<li><strong>Cookies de an\u00e1lisis:<\/strong> Estas cookies nos permiten entender c\u00f3mo interact\u00faan los usuarios con nuestro sitio web, recopilando informaci\u00f3n an\u00f3nima para mejorar su funcionamiento.<\/li>\n<li><strong>Cookies de preferencias:<\/strong> Permiten recordar informaci\u00f3n para que accedas al servicio con ciertas caracter\u00edsticas que pueden diferenciar tu experiencia de la de otros usuarios, como el idioma o el tipo de navegador.<\/li>\n<\/ul>\n<h2>3. \u00bfC\u00f3mo gestionar las Cookies?<\/h2>\n<p>Puedes gestionar las cookies a trav\u00e9s de la configuraci\u00f3n de tu navegador. A continuaci\u00f3n, te proporcionamos enlaces a las instrucciones para los navegadores m\u00e1s comunes:<\/p>\n<ul>\n<li><a href=\"https:\/\/support.google.com\/chrome\/answer\/95647?hl=es\" target=\"_blank\" rel=\"noopener\">Google Chrome<\/a><\/li>\n<li><a href=\"https:\/\/support.mozilla.org\/es\/kb\/cookies-informacion-que-los-sitios-web-guardan-en-\" target=\"_blank\" rel=\"noopener\">Mozilla Firefox<\/a><\/li>\n<li><a href=\"https:\/\/support.apple.com\/es-es\/guide\/safari\/sfri11471\/mac\" target=\"_blank\" rel=\"noopener\">Safari<\/a><\/li>\n<li><a href=\"https:\/\/support.microsoft.com\/es-es\/help\/17442\/windows-internet-explorer-delete-manage-cookies\" target=\"_blank\" rel=\"noopener\">Internet Explorer<\/a><\/li>\n<li><a href=\"https:\/\/support.microsoft.com\/es-es\/help\/4027947\/microsoft-edge-delete-cookies\" target=\"_blank\" rel=\"noopener\">Microsoft Edge<\/a><\/li>\n<\/ul>\n<p>Ten en cuenta que si desactivas algunas cookies, es posible que ciertas funcionalidades del sitio web no est\u00e9n disponibles o que tu experiencia de navegaci\u00f3n se vea afectada.<\/p>\n<h2>4. Cookies de terceros<\/h2>\n<p>En nuestro sitio web tambi\u00e9n utilizamos cookies de terceros, como Google Analytics, para recopilar informaci\u00f3n sobre el uso del sitio por parte de los usuarios y mejorar su funcionamiento. Estas cookies son gestionadas por terceros y te recomendamos revisar sus pol\u00edticas de privacidad para m\u00e1s informaci\u00f3n:<\/p>\n<ul>\n<li><a href=\"https:\/\/policies.google.com\/privacy\" target=\"_blank\" rel=\"noopener\">Pol\u00edtica de privacidad de Google Analytics<\/a><\/li>\n<\/ul>\n<h2>5. Aceptaci\u00f3n de la pol\u00edtica de Cookies<\/h2>\n<p>Al continuar navegando en nuestro sitio web, est\u00e1s aceptando el uso de cookies conforme a esta Pol\u00edtica de Cookies. Si no est\u00e1s de acuerdo, puedes configurar tu navegador para bloquearlas o eliminarlas, pero algunas partes del sitio web podr\u00edan no funcionar correctamente.<\/p>\n<h2>6. Cambios en la pol\u00edtica de Cookies<\/h2>\n<p>Podemos actualizar nuestra Pol\u00edtica de Cookies para reflejar cambios en nuestras pr\u00e1cticas o en la legislaci\u00f3n aplicable. Te recomendamos revisar esta p\u00e1gina peri\u00f3dicamente para estar informado sobre c\u00f3mo utilizamos las cookies.<\/p>\n<h2>7. Contacto<\/h2>\n<p>Si tienes alguna pregunta sobre nuestra Pol\u00edtica de Cookies, puedes contactar con nosotros en <a href=\"mailto:info@saforhosteleria.com\">info@saforhosteleria.com<\/a> o llamando al <a href=\"tel:+34696867923\">696867923<\/a>.<\/p>\n","protected":false},"excerpt":{"rendered":"<p>Pol\u00edtica de Cookies 1. \u00bfQu\u00e9 son las Cookies? En SAFORHOSTELERIA,  [&#8230;]<\/p>\n","protected":false},"author":1,"featured_media":0,"parent":0,"menu_order":2,"comment_status":"closed","ping_status":"closed","template":"","meta":{"footnotes":""},"class_list":["post-1541","page","type-page","status-publish","hentry"],"yoast_head":"<!-- This site is optimized with the Yoast SEO plugin v27.3 - https:\/\/yoast.com\/product\/yoast-seo-wordpress\/ -->\n<title>Pol\u00edtica de cookies - Safor Hosteler\u00eda<\/title>\n<meta name=\"robots\" content=\"noindex, nofollow\" \/>\n<meta property=\"og:locale\" content=\"es_ES\" \/>\n<meta property=\"og:type\" content=\"article\" \/>\n<meta property=\"og:title\" content=\"Pol\u00edtica de cookies - Safor Hosteler\u00eda\" \/>\n<meta property=\"og:description\" content=\"Pol\u00edtica de Cookies 1. \u00bfQu\u00e9 son las Cookies? En SAFORHOSTELERIA, [...]\" \/>\n<meta property=\"og:url\" content=\"https:\/\/saforhosteleria.com\/?page_id=1541\" \/>\n<meta property=\"og:site_name\" content=\"Safor Hosteler\u00eda\" \/>\n<meta property=\"article:modified_time\" content=\"2024-10-28T20:38:02+00:00\" \/>\n<meta name=\"twitter:card\" content=\"summary_large_image\" \/>\n<meta name=\"twitter:label1\" content=\"Tiempo de lectura\" \/>\n\t<meta name=\"twitter:data1\" content=\"2 minutos\" \/>\n<script type=\"application\/ld+json\" class=\"yoast-schema-graph\">{\"@context\":\"https:\\\/\\\/schema.org\",\"@graph\":[{\"@type\":\"WebPage\",\"@id\":\"https:\\\/\\\/saforhosteleria.com\\\/?page_id=1541\",\"url\":\"https:\\\/\\\/saforhosteleria.com\\\/?page_id=1541\",\"name\":\"Pol\u00edtica de cookies - Safor Hosteler\u00eda\",\"isPartOf\":{\"@id\":\"https:\\\/\\\/saforhosteleria.com\\\/#website\"},\"datePublished\":\"2024-08-28T08:01:09+00:00\",\"dateModified\":\"2024-10-28T20:38:02+00:00\",\"breadcrumb\":{\"@id\":\"https:\\\/\\\/saforhosteleria.com\\\/?page_id=1541#breadcrumb\"},\"inLanguage\":\"es\",\"potentialAction\":[{\"@type\":\"ReadAction\",\"target\":[\"https:\\\/\\\/saforhosteleria.com\\\/?page_id=1541\"]}]},{\"@type\":\"BreadcrumbList\",\"@id\":\"https:\\\/\\\/saforhosteleria.com\\\/?page_id=1541#breadcrumb\",\"itemListElement\":[{\"@type\":\"ListItem\",\"position\":1,\"name\":\"Portada\",\"item\":\"https:\\\/\\\/saforhosteleria.com\\\/\"},{\"@type\":\"ListItem\",\"position\":2,\"name\":\"Pol\u00edtica de cookies\"}]},{\"@type\":\"WebSite\",\"@id\":\"https:\\\/\\\/saforhosteleria.com\\\/#website\",\"url\":\"https:\\\/\\\/saforhosteleria.com\\\/\",\"name\":\"Saforhosteler\u00eda\",\"description\":\"\",\"potentialAction\":[{\"@type\":\"SearchAction\",\"target\":{\"@type\":\"EntryPoint\",\"urlTemplate\":\"https:\\\/\\\/saforhosteleria.com\\\/?s={search_term_string}\"},\"query-input\":{\"@type\":\"PropertyValueSpecification\",\"valueRequired\":true,\"valueName\":\"search_term_string\"}}],\"inLanguage\":\"es\"}]}<\/script>\n<!-- \/ Yoast SEO plugin. -->","yoast_head_json":{"title":"Pol\u00edtica de cookies - Safor Hosteler\u00eda","robots":{"index":"noindex","follow":"nofollow"},"og_locale":"es_ES","og_type":"article","og_title":"Pol\u00edtica de cookies - Safor Hosteler\u00eda","og_description":"Pol\u00edtica de Cookies 1. \u00bfQu\u00e9 son las Cookies? En SAFORHOSTELERIA, [...]","og_url":"https:\/\/saforhosteleria.com\/?page_id=1541","og_site_name":"Safor Hosteler\u00eda","article_modified_time":"2024-10-28T20:38:02+00:00","twitter_card":"summary_large_image","twitter_misc":{"Tiempo de lectura":"2 minutos"},"schema":{"@context":"https:\/\/schema.org","@graph":[{"@type":"WebPage","@id":"https:\/\/saforhosteleria.com\/?page_id=1541","url":"https:\/\/saforhosteleria.com\/?page_id=1541","name":"Pol\u00edtica de cookies - Safor Hosteler\u00eda","isPartOf":{"@id":"https:\/\/saforhosteleria.com\/#website"},"datePublished":"2024-08-28T08:01:09+00:00","dateModified":"2024-10-28T20:38:02+00:00","breadcrumb":{"@id":"https:\/\/saforhosteleria.com\/?page_id=1541#breadcrumb"},"inLanguage":"es","potentialAction":[{"@type":"ReadAction","target":["https:\/\/saforhosteleria.com\/?page_id=1541"]}]},{"@type":"BreadcrumbList","@id":"https:\/\/saforhosteleria.com\/?page_id=1541#breadcrumb","itemListElement":[{"@type":"ListItem","position":1,"name":"Portada","item":"https:\/\/saforhosteleria.com\/"},{"@type":"ListItem","position":2,"name":"Pol\u00edtica de cookies"}]},{"@type":"WebSite","@id":"https:\/\/saforhosteleria.com\/#website","url":"https:\/\/saforhosteleria.com\/","name":"Saforhosteler\u00eda","description":"","potentialAction":[{"@type":"SearchAction","target":{"@type":"EntryPoint","urlTemplate":"https:\/\/saforhosteleria.com\/?s={search_term_string}"},"query-input":{"@type":"PropertyValueSpecification","valueRequired":true,"valueName":"search_term_string"}}],"inLanguage":"es"}]}},"_links":{"self":[{"href":"https:\/\/saforhosteleria.com\/index.php?rest_route=\/wp\/v2\/pages\/1541","targetHints":{"allow":["GET"]}}],"collection":[{"href":"https:\/\/saforhosteleria.com\/index.php?rest_route=\/wp\/v2\/pages"}],"about":[{"href":"https:\/\/saforhosteleria.com\/index.php?rest_route=\/wp\/v2\/types\/page"}],"author":[{"embeddable":true,"href":"https:\/\/saforhosteleria.com\/index.php?rest_route=\/wp\/v2\/users\/1"}],"replies":[{"embeddable":true,"href":"https:\/\/saforhosteleria.com\/index.php?rest_route=%2Fwp%2Fv2%2Fcomments&post=1541"}],"version-history":[{"count":8,"href":"https:\/\/saforhosteleria.com\/index.php?rest_route=\/wp\/v2\/pages\/1541\/revisions"}],"predecessor-version":[{"id":1683,"href":"https:\/\/saforhosteleria.com\/index.php?rest_route=\/wp\/v2\/pages\/1541\/revisions\/1683"}],"wp:attachment":[{"href":"https:\/\/saforhosteleria.com\/index.php?rest_route=%2Fwp%2Fv2%2Fmedia&parent=1541"}],"curies":[{"name":"wp","href":"https:\/\/api.w.org\/{rel}","templated":true}]}}