{"id":1546,"date":"2024-08-28T08:01:09","date_gmt":"2024-08-28T08:01:09","guid":{"rendered":"https:\/\/saforhosteleria.com\/?page_id=1546"},"modified":"2024-10-28T20:35:05","modified_gmt":"2024-10-28T20:35:05","slug":"aviso-legal","status":"publish","type":"page","link":"https:\/\/saforhosteleria.com\/?page_id=1546","title":{"rendered":"Aviso legal"},"content":{"rendered":"<h1>Aviso Legal<\/h1>\n<p>Este sitio web, <a href=\"https:\/\/saforhosteleria.com\">www.saforhosteleria.com<\/a>, es propiedad de <strong>SAFOR HOSTELERIA SERVICIO ASISTENCIA TECNICA SL<\/strong> (en adelante, \u00abSaforHosteleria\u00bb), con los siguientes datos de identificaci\u00f3n:<\/p>\n<h2>1. Datos identificativos<\/h2>\n<ul>\n<li><strong>Raz\u00f3n social:<\/strong> Safor Hosteleria Servicio Asistencia Tecnica Sl<\/li>\n<li><strong>CIF:<\/strong> B40530354<\/li>\n<li><strong>Domicilio social:<\/strong> C\/ Riu Serpis, 16 Bajo. 46723, Almoines, Valencia<\/li>\n<li><strong>Tel\u00e9fono:<\/strong> <a href=\"tel:+34696867923\">696867923<\/a><\/li>\n<li><strong>Email:<\/strong> <a href=\"mailto:info@saforhosteleria.com\">info@saforhosteleria.com<\/a><\/li>\n<li><strong>Nombre de dominio:<\/strong> <a href=\"https:\/\/saforhosteleria.com\">www.saforhosteleria.com<\/a><\/li>\n<\/ul>\n<h2>2. Condiciones de uso<\/h2>\n<p>El acceso y uso de este sitio web est\u00e1n sujetos a las presentes condiciones de uso. Al acceder y navegar por este sitio web, el usuario acepta plenamente y sin reservas todas y cada una de las disposiciones incluidas en este aviso legal.<\/p>\n<h2>3. Propiedad intelectual<\/h2>\n<p>Todos los contenidos, textos, im\u00e1genes, y c\u00f3digos fuente del sitio web son propiedad de SaforHosteleria o de terceros que han cedido sus derechos de uso. Estos contenidos est\u00e1n protegidos por los derechos de propiedad intelectual e industrial.<\/p>\n<p>Queda prohibida la reproducci\u00f3n, distribuci\u00f3n, o comunicaci\u00f3n p\u00fablica, total o parcial, de los contenidos de este sitio web sin la autorizaci\u00f3n expresa de SaforHosteleria.<\/p>\n<h2>4. Responsabilidad<\/h2>\n<p>SaforHosteleria no se hace responsable de los da\u00f1os o perjuicios que puedan derivarse del acceso, uso o mala utilizaci\u00f3n de los contenidos de este sitio web.<\/p>\n<p>Asimismo, SaforHosteleria no garantiza la disponibilidad continua ni el correcto funcionamiento del sitio web, ni se responsabiliza de posibles interrupciones del servicio, errores o problemas t\u00e9cnicos.<\/p>\n<h2>5. Enlaces a terceros<\/h2>\n<p>Este sitio web puede contener enlaces a sitios web de terceros. SaforHosteleria no se responsabiliza del contenido ni de las pol\u00edticas de privacidad de dichos sitios web.<\/p>\n<p>La inclusi\u00f3n de estos enlaces no implica la aprobaci\u00f3n o aceptaci\u00f3n de sus contenidos por parte de SaforHosteleria.<\/p>\n<h2>6. Legislaci\u00f3n aplicable<\/h2>\n<p>El presente aviso legal se rige por la legislaci\u00f3n espa\u00f1ola. Para cualquier controversia que pudiera derivarse del acceso o uso de este sitio web, SaforHosteleria y el usuario se someten a los juzgados y tribunales de Valencia, renunciando expresamente a cualquier otro fuero que pudiera corresponderles.<\/p>\n<h2>7. Modificaciones del aviso legal<\/h2>\n<p>SaforHosteleria se reserva el derecho a modificar el presente aviso legal para adaptarlo a novedades legislativas o cambios en las condiciones del servicio. Las modificaciones ser\u00e1n publicadas en esta misma p\u00e1gina, por lo que recomendamos revisarla peri\u00f3dicamente.<\/p>\n<h2>8. Contacto<\/h2>\n<p>Para cualquier consulta relacionada con este aviso legal, puedes ponerte en contacto con nosotros a trav\u00e9s del correo electr\u00f3nico <a href=\"mailto:info@saforhosteleria.com\">info@saforhosteleria.com<\/a> o llamando al <a href=\"tel:+34696867923\">696867923<\/a>.<\/p>\n","protected":false},"excerpt":{"rendered":"<p>Aviso Legal Este sitio web, www.saforhosteleria.com, es propiedad de SAFOR  [&#8230;]<\/p>\n","protected":false},"author":1,"featured_media":0,"parent":0,"menu_order":2,"comment_status":"closed","ping_status":"closed","template":"","meta":{"footnotes":""},"class_list":["post-1546","page","type-page","status-publish","hentry"],"yoast_head":"<!-- This site is optimized with the Yoast SEO plugin v27.3 - https:\/\/yoast.com\/product\/yoast-seo-wordpress\/ -->\n<title>Aviso legal - Safor Hosteler\u00eda<\/title>\n<meta name=\"robots\" content=\"noindex, nofollow\" \/>\n<meta property=\"og:locale\" content=\"es_ES\" \/>\n<meta property=\"og:type\" content=\"article\" \/>\n<meta property=\"og:title\" content=\"Aviso legal - Safor Hosteler\u00eda\" \/>\n<meta property=\"og:description\" content=\"Aviso Legal Este sitio web, www.saforhosteleria.com, es propiedad de SAFOR [...]\" \/>\n<meta property=\"og:url\" content=\"https:\/\/saforhosteleria.com\/?page_id=1546\" \/>\n<meta property=\"og:site_name\" content=\"Safor Hosteler\u00eda\" \/>\n<meta property=\"article:modified_time\" content=\"2024-10-28T20:35:05+00:00\" \/>\n<meta name=\"twitter:card\" content=\"summary_large_image\" \/>\n<meta name=\"twitter:label1\" content=\"Tiempo de lectura\" \/>\n\t<meta name=\"twitter:data1\" content=\"2 minutos\" \/>\n<script type=\"application\/ld+json\" class=\"yoast-schema-graph\">{\"@context\":\"https:\\\/\\\/schema.org\",\"@graph\":[{\"@type\":\"WebPage\",\"@id\":\"https:\\\/\\\/saforhosteleria.com\\\/?page_id=1546\",\"url\":\"https:\\\/\\\/saforhosteleria.com\\\/?page_id=1546\",\"name\":\"Aviso legal - Safor Hosteler\u00eda\",\"isPartOf\":{\"@id\":\"https:\\\/\\\/saforhosteleria.com\\\/#website\"},\"datePublished\":\"2024-08-28T08:01:09+00:00\",\"dateModified\":\"2024-10-28T20:35:05+00:00\",\"breadcrumb\":{\"@id\":\"https:\\\/\\\/saforhosteleria.com\\\/?page_id=1546#breadcrumb\"},\"inLanguage\":\"es\",\"potentialAction\":[{\"@type\":\"ReadAction\",\"target\":[\"https:\\\/\\\/saforhosteleria.com\\\/?page_id=1546\"]}]},{\"@type\":\"BreadcrumbList\",\"@id\":\"https:\\\/\\\/saforhosteleria.com\\\/?page_id=1546#breadcrumb\",\"itemListElement\":[{\"@type\":\"ListItem\",\"position\":1,\"name\":\"Portada\",\"item\":\"https:\\\/\\\/saforhosteleria.com\\\/\"},{\"@type\":\"ListItem\",\"position\":2,\"name\":\"Aviso legal\"}]},{\"@type\":\"WebSite\",\"@id\":\"https:\\\/\\\/saforhosteleria.com\\\/#website\",\"url\":\"https:\\\/\\\/saforhosteleria.com\\\/\",\"name\":\"Saforhosteler\u00eda\",\"description\":\"\",\"potentialAction\":[{\"@type\":\"SearchAction\",\"target\":{\"@type\":\"EntryPoint\",\"urlTemplate\":\"https:\\\/\\\/saforhosteleria.com\\\/?s={search_term_string}\"},\"query-input\":{\"@type\":\"PropertyValueSpecification\",\"valueRequired\":true,\"valueName\":\"search_term_string\"}}],\"inLanguage\":\"es\"}]}<\/script>\n<!-- \/ Yoast SEO plugin. -->","yoast_head_json":{"title":"Aviso legal - Safor Hosteler\u00eda","robots":{"index":"noindex","follow":"nofollow"},"og_locale":"es_ES","og_type":"article","og_title":"Aviso legal - Safor Hosteler\u00eda","og_description":"Aviso Legal Este sitio web, www.saforhosteleria.com, es propiedad de SAFOR [...]","og_url":"https:\/\/saforhosteleria.com\/?page_id=1546","og_site_name":"Safor Hosteler\u00eda","article_modified_time":"2024-10-28T20:35:05+00:00","twitter_card":"summary_large_image","twitter_misc":{"Tiempo de lectura":"2 minutos"},"schema":{"@context":"https:\/\/schema.org","@graph":[{"@type":"WebPage","@id":"https:\/\/saforhosteleria.com\/?page_id=1546","url":"https:\/\/saforhosteleria.com\/?page_id=1546","name":"Aviso legal - Safor Hosteler\u00eda","isPartOf":{"@id":"https:\/\/saforhosteleria.com\/#website"},"datePublished":"2024-08-28T08:01:09+00:00","dateModified":"2024-10-28T20:35:05+00:00","breadcrumb":{"@id":"https:\/\/saforhosteleria.com\/?page_id=1546#breadcrumb"},"inLanguage":"es","potentialAction":[{"@type":"ReadAction","target":["https:\/\/saforhosteleria.com\/?page_id=1546"]}]},{"@type":"BreadcrumbList","@id":"https:\/\/saforhosteleria.com\/?page_id=1546#breadcrumb","itemListElement":[{"@type":"ListItem","position":1,"name":"Portada","item":"https:\/\/saforhosteleria.com\/"},{"@type":"ListItem","position":2,"name":"Aviso legal"}]},{"@type":"WebSite","@id":"https:\/\/saforhosteleria.com\/#website","url":"https:\/\/saforhosteleria.com\/","name":"Saforhosteler\u00eda","description":"","potentialAction":[{"@type":"SearchAction","target":{"@type":"EntryPoint","urlTemplate":"https:\/\/saforhosteleria.com\/?s={search_term_string}"},"query-input":{"@type":"PropertyValueSpecification","valueRequired":true,"valueName":"search_term_string"}}],"inLanguage":"es"}]}},"_links":{"self":[{"href":"https:\/\/saforhosteleria.com\/index.php?rest_route=\/wp\/v2\/pages\/1546","targetHints":{"allow":["GET"]}}],"collection":[{"href":"https:\/\/saforhosteleria.com\/index.php?rest_route=\/wp\/v2\/pages"}],"about":[{"href":"https:\/\/saforhosteleria.com\/index.php?rest_route=\/wp\/v2\/types\/page"}],"author":[{"embeddable":true,"href":"https:\/\/saforhosteleria.com\/index.php?rest_route=\/wp\/v2\/users\/1"}],"replies":[{"embeddable":true,"href":"https:\/\/saforhosteleria.com\/index.php?rest_route=%2Fwp%2Fv2%2Fcomments&post=1546"}],"version-history":[{"count":7,"href":"https:\/\/saforhosteleria.com\/index.php?rest_route=\/wp\/v2\/pages\/1546\/revisions"}],"predecessor-version":[{"id":1682,"href":"https:\/\/saforhosteleria.com\/index.php?rest_route=\/wp\/v2\/pages\/1546\/revisions\/1682"}],"wp:attachment":[{"href":"https:\/\/saforhosteleria.com\/index.php?rest_route=%2Fwp%2Fv2%2Fmedia&parent=1546"}],"curies":[{"name":"wp","href":"https:\/\/api.w.org\/{rel}","templated":true}]}}