{"id":39,"date":"2021-01-20T19:01:16","date_gmt":"2021-01-20T19:01:16","guid":{"rendered":"https:\/\/avadawebsites.wpengine.com\/mechanic\/?page_id=39"},"modified":"2024-10-10T11:34:13","modified_gmt":"2024-10-10T11:34:13","slug":"sobre-nosotros","status":"publish","type":"page","link":"https:\/\/saforhosteleria.com\/?page_id=39","title":{"rendered":"Sobre nosotros"},"content":{"rendered":"<p><div class=\"fusion-fullwidth fullwidth-box fusion-builder-row-1 fusion-flex-container has-pattern-background has-mask-background hundred-percent-fullwidth non-hundred-percent-height-scrolling\" style=\"--awb-border-radius-top-left:0px;--awb-border-radius-top-right:0px;--awb-border-radius-bottom-right:0px;--awb-border-radius-bottom-left:0px;--awb-padding-right-medium:0px;--awb-padding-left-medium:0px;--awb-margin-bottom:115px;--awb-margin-bottom-medium:55px;--awb-flex-wrap:wrap;\" ><div class=\"fusion-builder-row fusion-row fusion-flex-align-items-stretch fusion-flex-content-wrap\" style=\"width:calc( 100% + 0px ) !important;max-width:calc( 100% + 0px ) !important;margin-left: calc(-0px \/ 2 );margin-right: calc(-0px \/ 2 );\"><div class=\"fusion-layout-column fusion_builder_column fusion-builder-column-0 fusion_builder_column_1_1 1_1 fusion-flex-column\" style=\"--awb-padding-top:11vw;--awb-padding-right:26vw;--awb-padding-bottom:7vw;--awb-padding-left:7vw;--awb-overflow:hidden;--awb-bg-color:var(--awb-color5);--awb-bg-color-hover:var(--awb-color5);--awb-bg-image:linear-gradient(185deg, hsla(var(--awb-color7-h),var(--awb-color7-s),var(--awb-color7-l),calc( var(--awb-color7-a) - 80% )) 0%,hsla(var(--awb-color7-h),var(--awb-color7-s),var(--awb-color7-l),calc(var(--awb-color7-a) - 60%)) 100%);;--awb-bg-position:center center;--awb-bg-size:cover;--awb-border-radius:8px 8px 8px 8px;--awb-width-large:100%;--awb-margin-top-large:0px;--awb-spacing-right-large:0px;--awb-margin-bottom-large:0px;--awb-spacing-left-large:0px;--awb-width-medium:100%;--awb-order-medium:0;--awb-spacing-right-medium:0px;--awb-spacing-left-medium:0px;--awb-width-small:100%;--awb-order-small:0;--awb-spacing-right-small:0px;--awb-spacing-left-small:0px;\" data-scroll-devices=\"small-visibility,medium-visibility,large-visibility\"><div class=\"fusion-column-wrapper lazyload fusion-column-has-shadow fusion-flex-justify-content-flex-start fusion-content-layout-row fusion-column-has-bg-image\" data-bg-url=\"https:\/\/saforhosteleria.com\/wp-content\/uploads\/2024\/08\/cafetera.webp\" data-bg=\"https:\/\/saforhosteleria.com\/wp-content\/uploads\/2024\/08\/cafetera.webp\" data-bg-gradient=\"linear-gradient(185deg, hsla(var(--awb-color7-h),var(--awb-color7-s),var(--awb-color7-l),calc( var(--awb-color7-a) - 80% )) 0%,hsla(var(--awb-color7-h),var(--awb-color7-s),var(--awb-color7-l),calc(var(--awb-color7-a) - 60%)) 100%)\"><div class=\"fusion-text fusion-text-1\" style=\"--awb-font-size:19px;--awb-text-color:var(--awb-color4);\"><p>Nuestros clientes nos avalan<\/p>\n<\/div><div class=\"fusion-title title fusion-title-1 fusion-no-medium-visibility fusion-no-large-visibility fusion-sep-none fusion-title-text fusion-title-size-one\" style=\"--awb-text-color:var(--awb-color1);--awb-margin-bottom:50px;--awb-margin-top-small:10px;--awb-margin-right-small:0px;--awb-margin-bottom-small:40px;--awb-margin-left-small:0px;--awb-font-size:48px;\"><h1 class=\"fusion-title-heading title-heading-left\" style=\"margin:0;font-size:1em;line-height:1.3em;\">Hacemos que tu negocio rinda al m\u00e1ximo<\/h1><\/div><div class=\"fusion-title title fusion-title-2 fusion-no-small-visibility fusion-sep-none fusion-title-text fusion-title-size-one\" style=\"--awb-text-color:var(--awb-color1);--awb-margin-bottom:50px;--awb-margin-top-small:10px;--awb-margin-right-small:0px;--awb-margin-bottom-small:40px;--awb-margin-left-small:0px;--awb-font-size:62px;\"><h1 class=\"fusion-title-heading title-heading-left\" style=\"margin:0;font-size:1em;line-height:1.3em;\">Hacemos que tu negocio rinda al m\u00e1ximo<\/h1><\/div><div ><a class=\"fusion-button button-flat button-large button-custom fusion-button-default button-1 fusion-button-default-span fusion-button-default-type custom-hero-btn\" style=\"--button_accent_color:var(--awb-color8);--button_border_color:var(--awb-color8);--button_accent_hover_color:var(--awb-color1);--button_border_hover_color:var(--awb-color1);--button_gradient_top_color:var(--awb-color1);--button_gradient_bottom_color:var(--awb-color1);--button_gradient_top_color_hover:hsla(var(--awb-color5-h),var(--awb-color5-s),calc(var(--awb-color5-l) - 9%),var(--awb-color5-a));--button_gradient_bottom_color_hover:hsla(var(--awb-color5-h),var(--awb-color5-s),calc(var(--awb-color5-l) - 9%),var(--awb-color5-a));--button_margin-top:-7px;--button_margin-right:30px;\" target=\"_self\" href=\"https:\/\/saforhosteleria.com\/contacta\/\"><span class=\"fusion-button-text awb-button__text awb-button__text--default\">Necesitas una revisi\u00f3n?<\/span><\/a><\/div><div class=\"fusion-separator fusion-no-medium-visibility fusion-no-large-visibility fusion-full-width-sep\" style=\"align-self: center;margin-left: auto;margin-right: auto;margin-bottom:30px;width:100%;\"><\/div><div ><a class=\"fusion-button button-flat button-xlarge button-custom fusion-button-default button-2 fusion-button-default-span fusion-button-default-type about-btn\" style=\"--button_accent_color:var(--awb-color1);--button_accent_hover_color:hsla(var(--awb-color1-h),var(--awb-color1-s),var(--awb-color1-l),calc( var(--awb-color1-a) - 36% ));--button_border_hover_color:hsla(var(--awb-color1-h),var(--awb-color1-s),var(--awb-color1-l),calc( var(--awb-color1-a) - 36% ));--button_gradient_top_color:rgba(101,188,123,0);--button_gradient_bottom_color:rgba(101,188,123,0);--button_gradient_top_color_hover:rgba(90,168,108,0);--button_gradient_bottom_color_hover:rgba(90,168,108,0);--button_margin-left:-30px;\" target=\"_self\" href=\"https:\/\/saforhosteleria.com\/f-a-q\/\"><i class=\"mechanic-play awb-button__icon awb-button__icon--default button-icon-left\" aria-hidden=\"true\"><\/i><span class=\"fusion-button-text awb-button__text awb-button__text--default\">Preguntes frecuentes<\/span><\/a><\/div><\/div><\/div><\/div><\/div><div class=\"fusion-fullwidth fullwidth-box fusion-builder-row-2 fusion-flex-container has-pattern-background has-mask-background nonhundred-percent-fullwidth non-hundred-percent-height-scrolling\" style=\"--awb-border-radius-top-left:0px;--awb-border-radius-top-right:0px;--awb-border-radius-bottom-right:0px;--awb-border-radius-bottom-left:0px;--awb-padding-bottom-medium:70px;--awb-margin-bottom:0px;--awb-background-image:linear-gradient(180deg, var(--awb-color1) 0%,hsla(var(--awb-color8-h),var(--awb-color8-s),calc( var(--awb-color8-l) + 97% ),var(--awb-color8-a)) 100%);--awb-flex-wrap:wrap;\" ><div class=\"fusion-builder-row fusion-row fusion-flex-align-items-stretch fusion-flex-content-wrap\" style=\"max-width:calc( 1370px + 20px );margin-left: calc(-20px \/ 2 );margin-right: calc(-20px \/ 2 );\"><div class=\"fusion-layout-column fusion_builder_column fusion-builder-column-1 fusion_builder_column_2_5 2_5 fusion-flex-column\" style=\"--awb-padding-top:20px;--awb-padding-bottom:115px;--awb-padding-top-medium:0px;--awb-bg-size:cover;--awb-width-large:40%;--awb-margin-top-large:0px;--awb-spacing-right-large:80px;--awb-margin-bottom-large:20px;--awb-spacing-left-large:10px;--awb-width-medium:40%;--awb-order-medium:0;--awb-spacing-right-medium:0px;--awb-margin-bottom-medium:70px;--awb-spacing-left-medium:10px;--awb-width-small:100%;--awb-order-small:0;--awb-spacing-right-small:10px;--awb-spacing-left-small:10px;\" data-scroll-devices=\"small-visibility,medium-visibility,large-visibility\"><div class=\"fusion-column-wrapper fusion-column-has-shadow fusion-flex-justify-content-flex-start fusion-content-layout-column\"><div class=\"fusion-title title fusion-title-3 fusion-sep-none fusion-title-text fusion-title-size-two\" style=\"--awb-margin-top-small:10px;--awb-margin-right-small:0px;--awb-margin-bottom-small:10px;--awb-margin-left-small:0px;--awb-font-size:40px;\"><h2 class=\"fusion-title-heading title-heading-left\" style=\"margin:0;font-size:1em;line-height:1.3em;\">L\u00edderes en el sector de reparaci\u00f3n de hosteler\u00eda<\/h2><\/div><div class=\"fusion-text fusion-text-2\" style=\"--awb-font-size:19px;\"><p data-sourcepos=\"3:1-3:41\">En el competitivo mundo de la hosteler\u00eda, cada minuto cuenta. Un equipo averiado no solo interrumpe tu servicio, sino que tambi\u00e9n afecta la satisfacci\u00f3n de tus clientes y tus ingresos. En <strong>Saforhosteleria<\/strong> entendemos esta realidad y por eso nos hemos convertido en el aliado estrat\u00e9gico de numerosos negocios en Gand\u00eda.<\/p>\n<p data-sourcepos=\"5:1-5:49\">Nuestro equipo de t\u00e9cnicos altamente cualificados est\u00e1 especializado en la <strong>reparaci\u00f3n y mantenimiento de todo tipo de maquinaria de hosteler\u00eda<\/strong>, desde cafeteras y hornos hasta lavavajillas y sistemas de refrigeraci\u00f3n. No importa la marca o el modelo, tenemos la experiencia y las herramientas para diagnosticar y solucionar cualquier problema de manera r\u00e1pida y eficiente.<\/p>\n<p data-sourcepos=\"7:1-7:303\">Nos enorgullece ofrecer un <strong>servicio t\u00e9cnico de primer nivel<\/strong>, con tiempos de respuesta \u00e1giles y soluciones personalizadas para cada cliente. Sabemos que cada negocio es \u00fanico, por eso nos adaptamos a tus necesidades y horarios para minimizar el impacto de cualquier incidencia en tu operativa diaria.<\/p>\n<p data-sourcepos=\"9:1-9:221\">Adem\u00e1s de la reparaci\u00f3n, en Saforhosteleria ofrecemos <strong>planes de mantenimiento preventivo<\/strong> dise\u00f1ados para alargar la vida \u00fatil de tus equipos y evitar costosas aver\u00edas. Con revisiones peri\u00f3dicas y ajustes profesionales, garantizamos que tu maquinaria funcione siempre al m\u00e1ximo rendimiento, optimizando tu productividad y reduciendo los costes de energ\u00eda.<\/p>\n<p data-sourcepos=\"11:1-11:192\">Conf\u00eda en Saforhosteleria para mantener tu negocio en marcha. <strong>Contacta con nosotros hoy mismo<\/strong> y descubre c\u00f3mo podemos ayudarte a alcanzar el \u00e9xito en el sector de la hosteler\u00eda en Gand\u00eda.<\/p>\n<\/div><div ><a class=\"fusion-button button-flat fusion-button-default-size button-default fusion-button-default button-3 fusion-button-default-span fusion-button-default-type\" style=\"--button_margin-top:10px;\" target=\"_self\" href=\"https:\/\/saforhosteleria.com\/contacta\/\"><span class=\"fusion-button-text awb-button__text awb-button__text--default\">Solicitar presupuesto<\/span><\/a><\/div><\/div><\/div><div class=\"fusion-layout-column fusion_builder_column fusion-builder-column-2 fusion_builder_column_3_5 3_5 fusion-flex-column\" style=\"--awb-padding-bottom:115px;--awb-bg-size:cover;--awb-width-large:60%;--awb-margin-top-large:0px;--awb-spacing-right-large:10px;--awb-margin-bottom-large:20px;--awb-spacing-left-large:80px;--awb-width-medium:60%;--awb-order-medium:0;--awb-spacing-right-medium:10px;--awb-margin-bottom-medium:70px;--awb-spacing-left-medium:80px;--awb-width-small:100%;--awb-order-small:0;--awb-spacing-right-small:10px;--awb-spacing-left-small:10px;\" data-scroll-devices=\"small-visibility,medium-visibility,large-visibility\"><div class=\"fusion-column-wrapper fusion-column-has-shadow fusion-flex-justify-content-flex-start fusion-content-layout-column\"><div class=\"fusion-image-element \" style=\"--awb-caption-title-font-family:var(--h2_typography-font-family);--awb-caption-title-font-weight:var(--h2_typography-font-weight);--awb-caption-title-font-style:var(--h2_typography-font-style);--awb-caption-title-size:var(--h2_typography-font-size);--awb-caption-title-transform:var(--h2_typography-text-transform);--awb-caption-title-line-height:var(--h2_typography-line-height);--awb-caption-title-letter-spacing:var(--h2_typography-letter-spacing);\"><span class=\" fusion-imageframe imageframe-none imageframe-1 hover-type-none\" style=\"border-radius:8px;\"><img decoding=\"async\" width=\"1306\" height=\"778\" title=\"lavavajillas-industrial\" src=\"https:\/\/saforhosteleria.com\/wp-content\/uploads\/2024\/08\/lavavajillas-industrial.webp\" data-orig-src=\"https:\/\/saforhosteleria.com\/wp-content\/uploads\/2024\/08\/lavavajillas-industrial.webp\" alt class=\"lazyload img-responsive wp-image-1629\" srcset=\"data:image\/svg+xml,%3Csvg%20xmlns%3D%27http%3A%2F%2Fwww.w3.org%2F2000%2Fsvg%27%20width%3D%271306%27%20height%3D%27778%27%20viewBox%3D%270%200%201306%20778%27%3E%3Crect%20width%3D%271306%27%20height%3D%27778%27%20fill-opacity%3D%220%22%2F%3E%3C%2Fsvg%3E\" data-srcset=\"https:\/\/saforhosteleria.com\/wp-content\/uploads\/2024\/08\/lavavajillas-industrial-200x119.webp 200w, https:\/\/saforhosteleria.com\/wp-content\/uploads\/2024\/08\/lavavajillas-industrial-400x238.webp 400w, https:\/\/saforhosteleria.com\/wp-content\/uploads\/2024\/08\/lavavajillas-industrial-600x357.webp 600w, https:\/\/saforhosteleria.com\/wp-content\/uploads\/2024\/08\/lavavajillas-industrial-800x477.webp 800w, https:\/\/saforhosteleria.com\/wp-content\/uploads\/2024\/08\/lavavajillas-industrial-1200x715.webp 1200w, https:\/\/saforhosteleria.com\/wp-content\/uploads\/2024\/08\/lavavajillas-industrial.webp 1306w\" data-sizes=\"auto\" data-orig-sizes=\"(max-width: 820px) 100vw, 800px\" \/><\/span><\/div><div class=\"fusion-image-element \" style=\"--awb-margin-top:30px;--awb-caption-title-font-family:var(--h2_typography-font-family);--awb-caption-title-font-weight:var(--h2_typography-font-weight);--awb-caption-title-font-style:var(--h2_typography-font-style);--awb-caption-title-size:var(--h2_typography-font-size);--awb-caption-title-transform:var(--h2_typography-text-transform);--awb-caption-title-line-height:var(--h2_typography-line-height);--awb-caption-title-letter-spacing:var(--h2_typography-letter-spacing);\"><span class=\" fusion-imageframe imageframe-none imageframe-2 hover-type-none\" style=\"border-radius:8px;\"><img decoding=\"async\" width=\"2560\" height=\"1602\" alt=\"cafeteras profesionales reparaci\u00f3n en Gand\u00eda saforhosteleria\" title=\"cafeteras-profesionales-reparaci\u00f3n-en-gand\u00eda-saforhosteleria\" src=\"https:\/\/saforhosteleria.com\/wp-content\/uploads\/2024\/08\/cafeterias-profesionales-reparacion-en-gandia-saforhosteleria-scaled.webp\" data-orig-src=\"https:\/\/saforhosteleria.com\/wp-content\/uploads\/2024\/08\/cafeterias-profesionales-reparacion-en-gandia-saforhosteleria-scaled.webp\" class=\"lazyload img-responsive wp-image-1384\" srcset=\"data:image\/svg+xml,%3Csvg%20xmlns%3D%27http%3A%2F%2Fwww.w3.org%2F2000%2Fsvg%27%20width%3D%272560%27%20height%3D%271602%27%20viewBox%3D%270%200%202560%201602%27%3E%3Crect%20width%3D%272560%27%20height%3D%271602%27%20fill-opacity%3D%220%22%2F%3E%3C%2Fsvg%3E\" data-srcset=\"https:\/\/saforhosteleria.com\/wp-content\/uploads\/2024\/08\/cafeterias-profesionales-reparacion-en-gandia-saforhosteleria-200x125.webp 200w, https:\/\/saforhosteleria.com\/wp-content\/uploads\/2024\/08\/cafeterias-profesionales-reparacion-en-gandia-saforhosteleria-400x250.webp 400w, https:\/\/saforhosteleria.com\/wp-content\/uploads\/2024\/08\/cafeterias-profesionales-reparacion-en-gandia-saforhosteleria-600x375.webp 600w, https:\/\/saforhosteleria.com\/wp-content\/uploads\/2024\/08\/cafeterias-profesionales-reparacion-en-gandia-saforhosteleria-800x501.webp 800w, https:\/\/saforhosteleria.com\/wp-content\/uploads\/2024\/08\/cafeterias-profesionales-reparacion-en-gandia-saforhosteleria-1200x751.webp 1200w, https:\/\/saforhosteleria.com\/wp-content\/uploads\/2024\/08\/cafeterias-profesionales-reparacion-en-gandia-saforhosteleria-scaled.webp 2560w\" data-sizes=\"auto\" data-orig-sizes=\"(max-width: 820px) 100vw, 800px\" \/><\/span><\/div><div class=\"fusion-image-element \" style=\"--awb-margin-top:30px;--awb-caption-title-font-family:var(--h2_typography-font-family);--awb-caption-title-font-weight:var(--h2_typography-font-weight);--awb-caption-title-font-style:var(--h2_typography-font-style);--awb-caption-title-size:var(--h2_typography-font-size);--awb-caption-title-transform:var(--h2_typography-text-transform);--awb-caption-title-line-height:var(--h2_typography-line-height);--awb-caption-title-letter-spacing:var(--h2_typography-letter-spacing);\"><span class=\" fusion-imageframe imageframe-none imageframe-3 hover-type-none\" style=\"border-radius:8px;\"><img decoding=\"async\" width=\"2560\" height=\"1602\" alt=\"lavavajillas hosteler\u00eda reparar Gand\u00eda Saforhosteleria\" title=\"lavavajillas-hosteleria-reparar-gandia-saforhosteleria\" src=\"https:\/\/saforhosteleria.com\/wp-content\/uploads\/2024\/08\/lavavajillas-hosteleria-reparar-gandia-saforhosteleria.webp\" data-orig-src=\"https:\/\/saforhosteleria.com\/wp-content\/uploads\/2024\/08\/lavavajillas-hosteleria-reparar-gandia-saforhosteleria.webp\" class=\"lazyload img-responsive wp-image-1390\" srcset=\"data:image\/svg+xml,%3Csvg%20xmlns%3D%27http%3A%2F%2Fwww.w3.org%2F2000%2Fsvg%27%20width%3D%272560%27%20height%3D%271602%27%20viewBox%3D%270%200%202560%201602%27%3E%3Crect%20width%3D%272560%27%20height%3D%271602%27%20fill-opacity%3D%220%22%2F%3E%3C%2Fsvg%3E\" data-srcset=\"https:\/\/saforhosteleria.com\/wp-content\/uploads\/2024\/08\/lavavajillas-hosteleria-reparar-gandia-saforhosteleria-200x125.webp 200w, https:\/\/saforhosteleria.com\/wp-content\/uploads\/2024\/08\/lavavajillas-hosteleria-reparar-gandia-saforhosteleria-400x250.webp 400w, https:\/\/saforhosteleria.com\/wp-content\/uploads\/2024\/08\/lavavajillas-hosteleria-reparar-gandia-saforhosteleria-600x375.webp 600w, https:\/\/saforhosteleria.com\/wp-content\/uploads\/2024\/08\/lavavajillas-hosteleria-reparar-gandia-saforhosteleria-800x501.webp 800w, https:\/\/saforhosteleria.com\/wp-content\/uploads\/2024\/08\/lavavajillas-hosteleria-reparar-gandia-saforhosteleria-1200x751.webp 1200w, https:\/\/saforhosteleria.com\/wp-content\/uploads\/2024\/08\/lavavajillas-hosteleria-reparar-gandia-saforhosteleria.webp 2560w\" data-sizes=\"auto\" data-orig-sizes=\"(max-width: 820px) 100vw, 800px\" \/><\/span><\/div><\/div><\/div><\/div><\/div><\/p>\n","protected":false},"excerpt":{"rendered":"","protected":false},"author":1,"featured_media":0,"parent":0,"menu_order":1,"comment_status":"closed","ping_status":"closed","template":"100-width.php","meta":{"footnotes":""},"class_list":["post-39","page","type-page","status-publish","hentry"],"yoast_head":"<!-- This site is optimized with the Yoast SEO plugin v27.3 - https:\/\/yoast.com\/product\/yoast-seo-wordpress\/ -->\n<title>Sobre nosotros - Safor Hosteler\u00eda<\/title>\n<meta name=\"description\" content=\"Nuestro equipo de t\u00e9cnicos altamente cualificados est\u00e1 especializado en la reparaci\u00f3n y mantenimiento de todo tipo de maquinaria de hosteler\u00eda.\" \/>\n<meta name=\"robots\" content=\"index, follow, max-snippet:-1, max-image-preview:large, max-video-preview:-1\" \/>\n<link rel=\"canonical\" href=\"https:\/\/saforhosteleria.com\/?page_id=39\" \/>\n<meta property=\"og:locale\" content=\"es_ES\" \/>\n<meta property=\"og:type\" content=\"article\" \/>\n<meta property=\"og:title\" content=\"Sobre nosotros - Safor Hosteler\u00eda\" \/>\n<meta property=\"og:description\" content=\"Nuestro equipo de t\u00e9cnicos altamente cualificados est\u00e1 especializado en la reparaci\u00f3n y mantenimiento de todo tipo de maquinaria de hosteler\u00eda.\" \/>\n<meta property=\"og:url\" content=\"https:\/\/saforhosteleria.com\/?page_id=39\" \/>\n<meta property=\"og:site_name\" content=\"Safor Hosteler\u00eda\" \/>\n<meta property=\"article:modified_time\" content=\"2024-10-10T11:34:13+00:00\" \/>\n<meta name=\"twitter:card\" content=\"summary_large_image\" \/>\n<meta name=\"twitter:label1\" content=\"Tiempo de lectura\" \/>\n\t<meta name=\"twitter:data1\" content=\"2 minutos\" \/>\n<script type=\"application\/ld+json\" class=\"yoast-schema-graph\">{\"@context\":\"https:\\\/\\\/schema.org\",\"@graph\":[{\"@type\":\"WebPage\",\"@id\":\"https:\\\/\\\/saforhosteleria.com\\\/?page_id=39\",\"url\":\"https:\\\/\\\/saforhosteleria.com\\\/?page_id=39\",\"name\":\"Sobre nosotros - Safor Hosteler\u00eda\",\"isPartOf\":{\"@id\":\"https:\\\/\\\/saforhosteleria.com\\\/#website\"},\"datePublished\":\"2021-01-20T19:01:16+00:00\",\"dateModified\":\"2024-10-10T11:34:13+00:00\",\"description\":\"Nuestro equipo de t\u00e9cnicos altamente cualificados est\u00e1 especializado en la reparaci\u00f3n y mantenimiento de todo tipo de maquinaria de hosteler\u00eda.\",\"breadcrumb\":{\"@id\":\"https:\\\/\\\/saforhosteleria.com\\\/?page_id=39#breadcrumb\"},\"inLanguage\":\"es\",\"potentialAction\":[{\"@type\":\"ReadAction\",\"target\":[\"https:\\\/\\\/saforhosteleria.com\\\/?page_id=39\"]}]},{\"@type\":\"BreadcrumbList\",\"@id\":\"https:\\\/\\\/saforhosteleria.com\\\/?page_id=39#breadcrumb\",\"itemListElement\":[{\"@type\":\"ListItem\",\"position\":1,\"name\":\"Portada\",\"item\":\"https:\\\/\\\/saforhosteleria.com\\\/\"},{\"@type\":\"ListItem\",\"position\":2,\"name\":\"Sobre nosotros\"}]},{\"@type\":\"WebSite\",\"@id\":\"https:\\\/\\\/saforhosteleria.com\\\/#website\",\"url\":\"https:\\\/\\\/saforhosteleria.com\\\/\",\"name\":\"Saforhosteler\u00eda\",\"description\":\"\",\"potentialAction\":[{\"@type\":\"SearchAction\",\"target\":{\"@type\":\"EntryPoint\",\"urlTemplate\":\"https:\\\/\\\/saforhosteleria.com\\\/?s={search_term_string}\"},\"query-input\":{\"@type\":\"PropertyValueSpecification\",\"valueRequired\":true,\"valueName\":\"search_term_string\"}}],\"inLanguage\":\"es\"}]}<\/script>\n<!-- \/ Yoast SEO plugin. -->","yoast_head_json":{"title":"Sobre nosotros - Safor Hosteler\u00eda","description":"Nuestro equipo de t\u00e9cnicos altamente cualificados est\u00e1 especializado en la reparaci\u00f3n y mantenimiento de todo tipo de maquinaria de hosteler\u00eda.","robots":{"index":"index","follow":"follow","max-snippet":"max-snippet:-1","max-image-preview":"max-image-preview:large","max-video-preview":"max-video-preview:-1"},"canonical":"https:\/\/saforhosteleria.com\/?page_id=39","og_locale":"es_ES","og_type":"article","og_title":"Sobre nosotros - Safor Hosteler\u00eda","og_description":"Nuestro equipo de t\u00e9cnicos altamente cualificados est\u00e1 especializado en la reparaci\u00f3n y mantenimiento de todo tipo de maquinaria de hosteler\u00eda.","og_url":"https:\/\/saforhosteleria.com\/?page_id=39","og_site_name":"Safor Hosteler\u00eda","article_modified_time":"2024-10-10T11:34:13+00:00","twitter_card":"summary_large_image","twitter_misc":{"Tiempo de lectura":"2 minutos"},"schema":{"@context":"https:\/\/schema.org","@graph":[{"@type":"WebPage","@id":"https:\/\/saforhosteleria.com\/?page_id=39","url":"https:\/\/saforhosteleria.com\/?page_id=39","name":"Sobre nosotros - Safor Hosteler\u00eda","isPartOf":{"@id":"https:\/\/saforhosteleria.com\/#website"},"datePublished":"2021-01-20T19:01:16+00:00","dateModified":"2024-10-10T11:34:13+00:00","description":"Nuestro equipo de t\u00e9cnicos altamente cualificados est\u00e1 especializado en la reparaci\u00f3n y mantenimiento de todo tipo de maquinaria de hosteler\u00eda.","breadcrumb":{"@id":"https:\/\/saforhosteleria.com\/?page_id=39#breadcrumb"},"inLanguage":"es","potentialAction":[{"@type":"ReadAction","target":["https:\/\/saforhosteleria.com\/?page_id=39"]}]},{"@type":"BreadcrumbList","@id":"https:\/\/saforhosteleria.com\/?page_id=39#breadcrumb","itemListElement":[{"@type":"ListItem","position":1,"name":"Portada","item":"https:\/\/saforhosteleria.com\/"},{"@type":"ListItem","position":2,"name":"Sobre nosotros"}]},{"@type":"WebSite","@id":"https:\/\/saforhosteleria.com\/#website","url":"https:\/\/saforhosteleria.com\/","name":"Saforhosteler\u00eda","description":"","potentialAction":[{"@type":"SearchAction","target":{"@type":"EntryPoint","urlTemplate":"https:\/\/saforhosteleria.com\/?s={search_term_string}"},"query-input":{"@type":"PropertyValueSpecification","valueRequired":true,"valueName":"search_term_string"}}],"inLanguage":"es"}]}},"_links":{"self":[{"href":"https:\/\/saforhosteleria.com\/index.php?rest_route=\/wp\/v2\/pages\/39","targetHints":{"allow":["GET"]}}],"collection":[{"href":"https:\/\/saforhosteleria.com\/index.php?rest_route=\/wp\/v2\/pages"}],"about":[{"href":"https:\/\/saforhosteleria.com\/index.php?rest_route=\/wp\/v2\/types\/page"}],"author":[{"embeddable":true,"href":"https:\/\/saforhosteleria.com\/index.php?rest_route=\/wp\/v2\/users\/1"}],"replies":[{"embeddable":true,"href":"https:\/\/saforhosteleria.com\/index.php?rest_route=%2Fwp%2Fv2%2Fcomments&post=39"}],"version-history":[{"count":15,"href":"https:\/\/saforhosteleria.com\/index.php?rest_route=\/wp\/v2\/pages\/39\/revisions"}],"predecessor-version":[{"id":1678,"href":"https:\/\/saforhosteleria.com\/index.php?rest_route=\/wp\/v2\/pages\/39\/revisions\/1678"}],"wp:attachment":[{"href":"https:\/\/saforhosteleria.com\/index.php?rest_route=%2Fwp%2Fv2%2Fmedia&parent=39"}],"curies":[{"name":"wp","href":"https:\/\/api.w.org\/{rel}","templated":true}]}}