{"id":951,"date":"2021-02-01T14:09:31","date_gmt":"2021-02-01T14:09:31","guid":{"rendered":"https:\/\/avadawebsites.wpengine.com\/mechanic\/?page_id=951"},"modified":"2024-10-28T20:33:12","modified_gmt":"2024-10-28T20:33:12","slug":"f-a-q","status":"publish","type":"page","link":"https:\/\/saforhosteleria.com\/?page_id=951","title":{"rendered":"F.A.Q"},"content":{"rendered":"<div class=\"fusion-fullwidth fullwidth-box fusion-builder-row-1 fusion-flex-container nonhundred-percent-fullwidth non-hundred-percent-height-scrolling\" style=\"--awb-background-position:left top;--awb-background-blend-mode:screen;--awb-border-radius-top-left:0px;--awb-border-radius-top-right:0px;--awb-border-radius-bottom-right:0px;--awb-border-radius-bottom-left:0px;--awb-padding-top:115px;--awb-padding-bottom:115px;--awb-padding-top-small:10vw;--awb-padding-right-small:10vw;--awb-padding-bottom-small:10vw;--awb-padding-left-small:10vw;--awb-background-color:var(--awb-color2);--awb-flex-wrap:wrap;\" ><div class=\"fusion-builder-row fusion-row fusion-flex-align-items-stretch fusion-flex-justify-content-center fusion-flex-content-wrap\" style=\"max-width:calc( 1370px + 95px );margin-left: calc(-95px \/ 2 );margin-right: calc(-95px \/ 2 );\"><div class=\"fusion-layout-column fusion_builder_column fusion-builder-column-0 fusion_builder_column_1_2 1_2 fusion-flex-column\" style=\"--awb-padding-top-small:0px;--awb-padding-bottom-small:0px;--awb-bg-size:cover;--awb-width-large:50%;--awb-margin-top-large:0px;--awb-spacing-right-large:47.5px;--awb-margin-bottom-large:0px;--awb-spacing-left-large:47.5px;--awb-width-medium:50%;--awb-order-medium:0;--awb-spacing-right-medium:47.5px;--awb-spacing-left-medium:47.5px;--awb-width-small:100%;--awb-order-small:1;--awb-spacing-right-small:47.5px;--awb-spacing-left-small:47.5px;\"><div class=\"fusion-column-wrapper fusion-column-has-shadow fusion-flex-justify-content-flex-start fusion-content-layout-column\"><div class=\"fusion-title title fusion-title-1 fusion-sep-none fusion-title-center fusion-title-highlight fusion-animate-once fusion-highlight-underline fusion-title-size-one\" style=\"--awb-highlight-color:var(--awb-color4);--awb-margin-bottom:30px;--awb-margin-top-small:10px;--awb-margin-right-small:0px;--awb-margin-bottom-small:10px;--awb-margin-left-small:0px;\" data-highlight=\"underline\"><h1 class=\"fusion-title-heading title-heading-center\" style=\"margin:0;\"><span class=\"fusion-highlighted-text-prefix\">Preguntas<\/span> <span class=\"fusion-highlighted-text-wrapper\"><span class=\"fusion-highlighted-text\">m\u00e1s frecuentes<\/span><svg xmlns=\"http:\/\/www.w3.org\/2000\/svg\" viewBox=\"0 0 500 150\" preserveAspectRatio=\"none\"><path d=\"M8.1,146.2c0,0,240.6-55.6,479-13.8\"><\/path><\/svg><\/span> <span class=\"fusion-highlighted-text-postfix\"><\/span><\/h1><\/div><div class=\"fusion-text fusion-text-1\" style=\"--awb-content-alignment:center;\"><p style=\"margin: 0 auto; width: 80%;\">\u00bfTienes dudas? Estamos aqu\u00ed para ayudarte.<\/p>\n<\/div><div class=\"fusion-separator fusion-full-width-sep\" style=\"align-self: center;margin-left: auto;margin-right: auto;margin-bottom:60px;width:100%;\"><\/div><style type=\"text\/css\">#accordian-1 .fusion-panel:hover,#accordian-1 .fusion-panel.hover{ background-color: var(--awb-color1) } #accordian-1 .fusion-panel { border-color:var(--awb-color1); border-width:13px; background-color:var(--awb-color1); }.fusion-accordian #accordian-1 .panel-title a .fa-fusion-box:before{ font-size: 16px;width: 16px;}.fusion-accordian #accordian-1 .panel-title a .fa-fusion-box{ color: var(--awb-color1);}.fusion-accordian  #accordian-1 .panel-title a{font-family:var(--awb-typography1-font-family);font-weight:var(--awb-typography1-font-weight);font-style:var(--awb-typography1-font-style);}.fusion-accordian  #accordian-1 .panel-title a:not(:hover){}.fusion-accordian  #accordian-1 .toggle-content{font-family:var(--awb-typography4-font-family);font-weight:var(--awb-typography4-font-weight);font-style:var(--awb-typography4-font-style);}.fusion-accordian #accordian-1 .fa-fusion-box { background-color: var(--awb-color5) !important;border-color: var(--awb-color5) !important;}.fusion-accordian #accordian-1 .panel-title a:hover,.fusion-accordian #accordian-1 .panel-title a.hover { color: var(--awb-color5);}.fusion-faq-shortcode .fusion-accordian #accordian-1 .fusion-toggle-boxed-mode:hover .panel-title a { color: var(--awb-color5);}.fusion-accordian #accordian-1 .panel-title .active .fa-fusion-box,.fusion-accordian #accordian-1 .panel-title a:hover .fa-fusion-box,.fusion-accordian #accordian-1 .panel-title a.hover .fa-fusion-box { background-color: var(--awb-color5)!important;border-color: var(--awb-color5)!important;}<\/style><div class=\"fusion-faq-shortcode\" style=\"\"><div class=\"fusion-faqs-wrapper\"><div class=\"accordian fusion-accordian\"><div class=\"panel-group \" id=\"accordian-1\"><div class=\"fusion-panel fusion-toggle-no-divider fusion-toggle-boxed-mode panel-default fusion-faq-post fusion-faq-post-1445 \"><span class=\"entry-title rich-snippet-hidden\">\u00bfQu\u00e9 garant\u00eda ofrecemos?<\/span><span class=\"vcard rich-snippet-hidden\"><span class=\"fn\"><a href=\"https:\/\/saforhosteleria.com\/?author=1\" title=\"Entradas de admin\" rel=\"author\">admin<\/a><\/span><\/span><span class=\"updated rich-snippet-hidden\">2024-08-22T08:32:07+00:00<\/span><div class=\"panel-heading\"><h4 id=\"faq_1-1445\" class=\"panel-title toggle\"><a data-toggle=\"collapse\" class=\"collapsed\" data-parent=\"#accordian-1\" data-target=\"#collapse-1-1445\" href=\"#collapse-1-1445\" aria-expanded=\"false\"><div class=\"fusion-toggle-icon-wrapper\"><div class=\"fusion-toggle-icon-wrapper-main\"><div class=\"fusion-toggle-icon-wrapper-sub\"><i class=\"fa-fusion-box active-icon awb-icon-minus\" aria-hidden=\"true\"><\/i><i class=\"fa-fusion-box inactive-icon awb-icon-plus\" aria-hidden=\"true\"><\/i><\/div><\/div><\/div><div class=\"fusion-toggle-heading\">\u00bfQu\u00e9 garant\u00eda ofrecemos?<\/div><\/a><\/h4><\/div><div id=\"collapse-1-1445\" aria-labelledby=\"faq_1-1445\" class=\"panel-collapse collapse\"><div class=\"panel-body toggle-content post-content\"><p>En SaforHosteleria, ofrecemos una garant\u00eda por la reparaci\u00f3n realizada, para que puedas tener la tranquilidad de que tu maquinaria estar\u00e1 funcionando correctamente durante mucho tiempo. Adem\u00e1s, te recomendamos un plan de mantenimiento preventivo para evitar problemas futuros y prolongar la vida \u00fatil de tu maquinaria.<\/p>\n<\/div><\/div><\/div><div class=\"fusion-panel fusion-toggle-no-divider fusion-toggle-boxed-mode panel-default fusion-faq-post fusion-faq-post-1443 \"><span class=\"entry-title rich-snippet-hidden\">\u00bfQu\u00e9 maquinaria reparamos?<\/span><span class=\"vcard rich-snippet-hidden\"><span class=\"fn\"><a href=\"https:\/\/saforhosteleria.com\/?author=1\" title=\"Entradas de admin\" rel=\"author\">admin<\/a><\/span><\/span><span class=\"updated rich-snippet-hidden\">2024-08-22T08:31:43+00:00<\/span><div class=\"panel-heading\"><h4 id=\"faq_1-1443\" class=\"panel-title toggle\"><a data-toggle=\"collapse\" class=\"collapsed\" data-parent=\"#accordian-1\" data-target=\"#collapse-1-1443\" href=\"#collapse-1-1443\" aria-expanded=\"false\"><div class=\"fusion-toggle-icon-wrapper\"><div class=\"fusion-toggle-icon-wrapper-main\"><div class=\"fusion-toggle-icon-wrapper-sub\"><i class=\"fa-fusion-box active-icon awb-icon-minus\" aria-hidden=\"true\"><\/i><i class=\"fa-fusion-box inactive-icon awb-icon-plus\" aria-hidden=\"true\"><\/i><\/div><\/div><\/div><div class=\"fusion-toggle-heading\">\u00bfQu\u00e9 maquinaria reparamos?<\/div><\/a><\/h4><\/div><div id=\"collapse-1-1443\" aria-labelledby=\"faq_1-1443\" class=\"panel-collapse collapse\"><div class=\"panel-body toggle-content post-content\"><p>En SaforHosteleria, nos especializamos en la reparaci\u00f3n de cafeteras profesionales, c\u00e1maras frigor\u00edficas y lavavajillas industriales. Nuestro equipo de t\u00e9cnicos est\u00e1 capacitado para trabajar con las marcas y modelos m\u00e1s comunes del mercado, y siempre utilizamos piezas originales y materiales de alta calidad.<\/p>\n<\/div><\/div><\/div><div class=\"fusion-panel fusion-toggle-no-divider fusion-toggle-boxed-mode panel-default fusion-faq-post fusion-faq-post-1441 \"><span class=\"entry-title rich-snippet-hidden\">\u00bfPor qu\u00e9 elegirnos?<\/span><span class=\"vcard rich-snippet-hidden\"><span class=\"fn\"><a href=\"https:\/\/saforhosteleria.com\/?author=1\" title=\"Entradas de admin\" rel=\"author\">admin<\/a><\/span><\/span><span class=\"updated rich-snippet-hidden\">2024-08-22T08:31:28+00:00<\/span><div class=\"panel-heading\"><h4 id=\"faq_1-1441\" class=\"panel-title toggle\"><a data-toggle=\"collapse\" class=\"collapsed\" data-parent=\"#accordian-1\" data-target=\"#collapse-1-1441\" href=\"#collapse-1-1441\" aria-expanded=\"false\"><div class=\"fusion-toggle-icon-wrapper\"><div class=\"fusion-toggle-icon-wrapper-main\"><div class=\"fusion-toggle-icon-wrapper-sub\"><i class=\"fa-fusion-box active-icon awb-icon-minus\" aria-hidden=\"true\"><\/i><i class=\"fa-fusion-box inactive-icon awb-icon-plus\" aria-hidden=\"true\"><\/i><\/div><\/div><\/div><div class=\"fusion-toggle-heading\">\u00bfPor qu\u00e9 elegirnos?<\/div><\/a><\/h4><\/div><div id=\"collapse-1-1441\" aria-labelledby=\"faq_1-1441\" class=\"panel-collapse collapse\"><div class=\"panel-body toggle-content post-content\"><p>En SaforHosteleria, contamos con un equipo de t\u00e9cnicos especializados en reparaci\u00f3n de maquinaria de hosteler\u00eda, con a\u00f1os de experiencia en el sector. Nuestro objetivo es ofrecerte un servicio r\u00e1pido, eficiente y personalizado, para que puedas seguir ofreciendo a tus clientes la mejor experiencia posible.<\/p>\n<\/div><\/div><\/div><div class=\"fusion-panel fusion-toggle-no-divider fusion-toggle-boxed-mode panel-default fusion-faq-post fusion-faq-post-1439 \"><span class=\"entry-title rich-snippet-hidden\">\u00bfQu\u00e9 hacemos?<\/span><span class=\"vcard rich-snippet-hidden\"><span class=\"fn\"><a href=\"https:\/\/saforhosteleria.com\/?author=1\" title=\"Entradas de admin\" rel=\"author\">admin<\/a><\/span><\/span><span class=\"updated rich-snippet-hidden\">2024-08-22T08:26:55+00:00<\/span><div class=\"panel-heading\"><h4 id=\"faq_1-1439\" class=\"panel-title toggle\"><a data-toggle=\"collapse\" class=\"collapsed\" data-parent=\"#accordian-1\" data-target=\"#collapse-1-1439\" href=\"#collapse-1-1439\" aria-expanded=\"false\"><div class=\"fusion-toggle-icon-wrapper\"><div class=\"fusion-toggle-icon-wrapper-main\"><div class=\"fusion-toggle-icon-wrapper-sub\"><i class=\"fa-fusion-box active-icon awb-icon-minus\" aria-hidden=\"true\"><\/i><i class=\"fa-fusion-box inactive-icon awb-icon-plus\" aria-hidden=\"true\"><\/i><\/div><\/div><\/div><div class=\"fusion-toggle-heading\">\u00bfQu\u00e9 hacemos?<\/div><\/a><\/h4><\/div><div id=\"collapse-1-1439\" aria-labelledby=\"faq_1-1439\" class=\"panel-collapse collapse\"><div class=\"panel-body toggle-content post-content\"><p>En SaforHosteleria, nos dedicamos a reparar maquinaria de hosteler\u00eda con la misma pasi\u00f3n y dedicaci\u00f3n que t\u00fa pones en tu negocio. Sabemos que la maquinaria es el coraz\u00f3n de tu establecimiento, y por eso nos esforzamos por devolverle la vida en el menor tiempo posible.<\/p>\n<\/div><\/div><\/div><div class=\"fusion-panel fusion-toggle-no-divider fusion-toggle-boxed-mode panel-default fusion-faq-post fusion-faq-post-1401 \"><span class=\"entry-title rich-snippet-hidden\">\u00bfC\u00f3mo puedo solicitar un presupuesto para reparar mi maquinaria de hosteler\u00eda en SaforHosteleria?<\/span><span class=\"vcard rich-snippet-hidden\"><span class=\"fn\"><a href=\"https:\/\/saforhosteleria.com\/?author=1\" title=\"Entradas de admin\" rel=\"author\">admin<\/a><\/span><\/span><span class=\"updated rich-snippet-hidden\">2024-09-05T10:45:48+00:00<\/span><div class=\"panel-heading\"><h4 id=\"faq_1-1401\" class=\"panel-title toggle\"><a data-toggle=\"collapse\" class=\"collapsed\" data-parent=\"#accordian-1\" data-target=\"#collapse-1-1401\" href=\"#collapse-1-1401\" aria-expanded=\"false\"><div class=\"fusion-toggle-icon-wrapper\"><div class=\"fusion-toggle-icon-wrapper-main\"><div class=\"fusion-toggle-icon-wrapper-sub\"><i class=\"fa-fusion-box active-icon awb-icon-minus\" aria-hidden=\"true\"><\/i><i class=\"fa-fusion-box inactive-icon awb-icon-plus\" aria-hidden=\"true\"><\/i><\/div><\/div><\/div><div class=\"fusion-toggle-heading\">\u00bfC\u00f3mo puedo solicitar un presupuesto para reparar mi maquinaria de hosteler\u00eda en SaforHosteleria?<\/div><\/a><\/h4><\/div><div id=\"collapse-1-1401\" aria-labelledby=\"faq_1-1401\" class=\"panel-collapse collapse\"><div class=\"panel-body toggle-content post-content\"><p>Puede solicitar un presupuesto para reparar su maquinaria de hosteler\u00eda en Safor Hosteleria, visitando nuestra p\u00e1gina de <a href=\"https:\/\/saforhosteleria.com\/contacta\/\" target=\"_blank\" rel=\"noopener\">contacto<\/a> y rellenando el formulario con sus datos y necesidades. Estaremos encantados de ayudarle.<\/p>\n<\/div><\/div><\/div><\/div><\/div><\/div><\/div><\/div><\/div><div class=\"fusion-layout-column fusion_builder_column fusion-builder-column-1 fusion_builder_column_1_2 1_2 fusion-flex-column\" style=\"--awb-bg-size:cover;--awb-width-large:50%;--awb-margin-top-large:0px;--awb-spacing-right-large:47.5px;--awb-margin-bottom-large:0px;--awb-spacing-left-large:47.5px;--awb-width-medium:50%;--awb-order-medium:0;--awb-spacing-right-medium:47.5px;--awb-spacing-left-medium:47.5px;--awb-width-small:100%;--awb-order-small:0;--awb-spacing-right-small:47.5px;--awb-margin-bottom-small:61px;--awb-spacing-left-small:47.5px;\"><div class=\"fusion-column-wrapper fusion-column-has-shadow fusion-flex-justify-content-flex-start fusion-content-layout-column\"><div class=\"fusion-image-element \" style=\"--awb-caption-title-font-family:var(--h2_typography-font-family);--awb-caption-title-font-weight:var(--h2_typography-font-weight);--awb-caption-title-font-style:var(--h2_typography-font-style);--awb-caption-title-size:var(--h2_typography-font-size);--awb-caption-title-transform:var(--h2_typography-text-transform);--awb-caption-title-line-height:var(--h2_typography-line-height);--awb-caption-title-letter-spacing:var(--h2_typography-letter-spacing);\"><span class=\" fusion-imageframe imageframe-none imageframe-1 hover-type-none\" style=\"border-radius:8px;\"><img decoding=\"async\" width=\"855\" height=\"1058\" alt=\"Descubre nuestro apartado de F&amp;A, Preguntas frecuentes de SaforHosetleria, tu t\u00e9cnico de confianza.\" title=\"preguntas-frecuentes-FAQ\" src=\"https:\/\/saforhosteleria.com\/wp-content\/uploads\/2024\/08\/preguntas-frecuentes-FAQ.webp\" data-orig-src=\"https:\/\/saforhosteleria.com\/wp-content\/uploads\/2024\/08\/preguntas-frecuentes-FAQ.webp\" class=\"lazyload img-responsive wp-image-1652\" srcset=\"data:image\/svg+xml,%3Csvg%20xmlns%3D%27http%3A%2F%2Fwww.w3.org%2F2000%2Fsvg%27%20width%3D%27855%27%20height%3D%271058%27%20viewBox%3D%270%200%20855%201058%27%3E%3Crect%20width%3D%27855%27%20height%3D%271058%27%20fill-opacity%3D%220%22%2F%3E%3C%2Fsvg%3E\" data-srcset=\"https:\/\/saforhosteleria.com\/wp-content\/uploads\/2024\/08\/preguntas-frecuentes-FAQ-200x247.webp 200w, https:\/\/saforhosteleria.com\/wp-content\/uploads\/2024\/08\/preguntas-frecuentes-FAQ-400x495.webp 400w, https:\/\/saforhosteleria.com\/wp-content\/uploads\/2024\/08\/preguntas-frecuentes-FAQ-600x742.webp 600w, https:\/\/saforhosteleria.com\/wp-content\/uploads\/2024\/08\/preguntas-frecuentes-FAQ-800x990.webp 800w, https:\/\/saforhosteleria.com\/wp-content\/uploads\/2024\/08\/preguntas-frecuentes-FAQ.webp 855w\" data-sizes=\"auto\" data-orig-sizes=\"(max-width: 820px) 100vw, 800px\" \/><\/span><\/div><\/div><\/div><\/div><\/div>\n","protected":false},"excerpt":{"rendered":"","protected":false},"author":1,"featured_media":0,"parent":0,"menu_order":1,"comment_status":"closed","ping_status":"closed","template":"100-width.php","meta":{"footnotes":""},"class_list":["post-951","page","type-page","status-publish","hentry"],"yoast_head":"<!-- This site is optimized with the Yoast SEO plugin v27.3 - https:\/\/yoast.com\/product\/yoast-seo-wordpress\/ -->\n<title>F.A.Q - Safor Hosteler\u00eda<\/title>\n<meta name=\"robots\" content=\"index, follow, max-snippet:-1, max-image-preview:large, max-video-preview:-1\" \/>\n<link rel=\"canonical\" href=\"https:\/\/saforhosteleria.com\/?page_id=951\" \/>\n<meta property=\"og:locale\" content=\"es_ES\" \/>\n<meta property=\"og:type\" content=\"article\" \/>\n<meta property=\"og:title\" content=\"F.A.Q - Safor Hosteler\u00eda\" \/>\n<meta property=\"og:url\" content=\"https:\/\/saforhosteleria.com\/?page_id=951\" \/>\n<meta property=\"og:site_name\" content=\"Safor Hosteler\u00eda\" \/>\n<meta property=\"article:modified_time\" content=\"2024-10-28T20:33:12+00:00\" \/>\n<meta name=\"twitter:card\" content=\"summary_large_image\" \/>\n<meta name=\"twitter:label1\" content=\"Tiempo de lectura\" \/>\n\t<meta name=\"twitter:data1\" content=\"3 minutos\" \/>\n<script type=\"application\/ld+json\" class=\"yoast-schema-graph\">{\"@context\":\"https:\\\/\\\/schema.org\",\"@graph\":[{\"@type\":\"WebPage\",\"@id\":\"https:\\\/\\\/saforhosteleria.com\\\/?page_id=951\",\"url\":\"https:\\\/\\\/saforhosteleria.com\\\/?page_id=951\",\"name\":\"F.A.Q - Safor Hosteler\u00eda\",\"isPartOf\":{\"@id\":\"https:\\\/\\\/saforhosteleria.com\\\/#website\"},\"datePublished\":\"2021-02-01T14:09:31+00:00\",\"dateModified\":\"2024-10-28T20:33:12+00:00\",\"breadcrumb\":{\"@id\":\"https:\\\/\\\/saforhosteleria.com\\\/?page_id=951#breadcrumb\"},\"inLanguage\":\"es\",\"potentialAction\":[{\"@type\":\"ReadAction\",\"target\":[\"https:\\\/\\\/saforhosteleria.com\\\/?page_id=951\"]}]},{\"@type\":\"BreadcrumbList\",\"@id\":\"https:\\\/\\\/saforhosteleria.com\\\/?page_id=951#breadcrumb\",\"itemListElement\":[{\"@type\":\"ListItem\",\"position\":1,\"name\":\"Portada\",\"item\":\"https:\\\/\\\/saforhosteleria.com\\\/\"},{\"@type\":\"ListItem\",\"position\":2,\"name\":\"F.A.Q\"}]},{\"@type\":\"WebSite\",\"@id\":\"https:\\\/\\\/saforhosteleria.com\\\/#website\",\"url\":\"https:\\\/\\\/saforhosteleria.com\\\/\",\"name\":\"Saforhosteler\u00eda\",\"description\":\"\",\"potentialAction\":[{\"@type\":\"SearchAction\",\"target\":{\"@type\":\"EntryPoint\",\"urlTemplate\":\"https:\\\/\\\/saforhosteleria.com\\\/?s={search_term_string}\"},\"query-input\":{\"@type\":\"PropertyValueSpecification\",\"valueRequired\":true,\"valueName\":\"search_term_string\"}}],\"inLanguage\":\"es\"}]}<\/script>\n<!-- \/ Yoast SEO plugin. -->","yoast_head_json":{"title":"F.A.Q - Safor Hosteler\u00eda","robots":{"index":"index","follow":"follow","max-snippet":"max-snippet:-1","max-image-preview":"max-image-preview:large","max-video-preview":"max-video-preview:-1"},"canonical":"https:\/\/saforhosteleria.com\/?page_id=951","og_locale":"es_ES","og_type":"article","og_title":"F.A.Q - Safor Hosteler\u00eda","og_url":"https:\/\/saforhosteleria.com\/?page_id=951","og_site_name":"Safor Hosteler\u00eda","article_modified_time":"2024-10-28T20:33:12+00:00","twitter_card":"summary_large_image","twitter_misc":{"Tiempo de lectura":"3 minutos"},"schema":{"@context":"https:\/\/schema.org","@graph":[{"@type":"WebPage","@id":"https:\/\/saforhosteleria.com\/?page_id=951","url":"https:\/\/saforhosteleria.com\/?page_id=951","name":"F.A.Q - Safor Hosteler\u00eda","isPartOf":{"@id":"https:\/\/saforhosteleria.com\/#website"},"datePublished":"2021-02-01T14:09:31+00:00","dateModified":"2024-10-28T20:33:12+00:00","breadcrumb":{"@id":"https:\/\/saforhosteleria.com\/?page_id=951#breadcrumb"},"inLanguage":"es","potentialAction":[{"@type":"ReadAction","target":["https:\/\/saforhosteleria.com\/?page_id=951"]}]},{"@type":"BreadcrumbList","@id":"https:\/\/saforhosteleria.com\/?page_id=951#breadcrumb","itemListElement":[{"@type":"ListItem","position":1,"name":"Portada","item":"https:\/\/saforhosteleria.com\/"},{"@type":"ListItem","position":2,"name":"F.A.Q"}]},{"@type":"WebSite","@id":"https:\/\/saforhosteleria.com\/#website","url":"https:\/\/saforhosteleria.com\/","name":"Saforhosteler\u00eda","description":"","potentialAction":[{"@type":"SearchAction","target":{"@type":"EntryPoint","urlTemplate":"https:\/\/saforhosteleria.com\/?s={search_term_string}"},"query-input":{"@type":"PropertyValueSpecification","valueRequired":true,"valueName":"search_term_string"}}],"inLanguage":"es"}]}},"_links":{"self":[{"href":"https:\/\/saforhosteleria.com\/index.php?rest_route=\/wp\/v2\/pages\/951","targetHints":{"allow":["GET"]}}],"collection":[{"href":"https:\/\/saforhosteleria.com\/index.php?rest_route=\/wp\/v2\/pages"}],"about":[{"href":"https:\/\/saforhosteleria.com\/index.php?rest_route=\/wp\/v2\/types\/page"}],"author":[{"embeddable":true,"href":"https:\/\/saforhosteleria.com\/index.php?rest_route=\/wp\/v2\/users\/1"}],"replies":[{"embeddable":true,"href":"https:\/\/saforhosteleria.com\/index.php?rest_route=%2Fwp%2Fv2%2Fcomments&post=951"}],"version-history":[{"count":9,"href":"https:\/\/saforhosteleria.com\/index.php?rest_route=\/wp\/v2\/pages\/951\/revisions"}],"predecessor-version":[{"id":1681,"href":"https:\/\/saforhosteleria.com\/index.php?rest_route=\/wp\/v2\/pages\/951\/revisions\/1681"}],"wp:attachment":[{"href":"https:\/\/saforhosteleria.com\/index.php?rest_route=%2Fwp%2Fv2%2Fmedia&parent=951"}],"curies":[{"name":"wp","href":"https:\/\/api.w.org\/{rel}","templated":true}]}}